{"id":12959,"date":"2018-05-06T13:58:11","date_gmt":"2018-05-06T11:58:11","guid":{"rendered":"https:\/\/itisfondi.edu.it\/web\/?page_id=12959"},"modified":"2024-07-15T18:07:35","modified_gmt":"2024-07-15T16:07:35","slug":"questionario-2018-studente","status":"publish","type":"page","link":"https:\/\/itisfondi.edu.it\/web\/questionario-2018-studente\/","title":{"rendered":"Questionario di Autovalutazione 2018"},"content":{"rendered":"<p><img decoding=\"async\" src=\"https:\/\/itisfondi.edu.it\/web\/wp-content\/uploads\/2018\/05\/quiz.png\" alt=\"\" width=\"200\" align=\"right\" \/>Si invita tutta la popolazione scolastica, ciascuno per la propria tipologia (studente, genitore, docente o personale non docente), a ricevere e compilare il questionario di autovalutazione dell&#8217;Istituto al fine di migliorare tutte le attivit\u00e0 svolte.<\/p>\n<p>IMPORTANTE<br \/>\nIl questionario sar\u00e0 completamente anonimo ed in nessun modo associato alla propria mail che pertanto viene richiesta al solo fine di scoraggiare usi inappropriati dello stesso.<br \/>\nPer chi l&#8217;avesse gi\u00e0 compilato NON si deve fare pi\u00f9 niente al riguardo in quanto questa procedura \u00e8 SOLO per quelli che non hanno ancora compilato il questionario.<\/p>\n<p>Si ringrazia fin d&#8217;ora per il contributo fornito.<br \/>\n[Form id=&#8221;6&#8243;]<\/p>\n","protected":false},"excerpt":{"rendered":"<p>Si invita tutta la popolazione scolastica, ciascuno per la propria tipologia (studente, genitore, docente o personale non docente), a ricevere e compilare il questionario di autovalutazione dell&#8217;Istituto al fine di migliorare tutte le attivit\u00e0 svolte. IMPORTANTE [&hellip;]<\/p>\n","protected":false},"author":1,"featured_media":0,"parent":0,"menu_order":0,"comment_status":"closed","ping_status":"closed","template":"","meta":{"footnotes":""},"tags":[454],"class_list":["post-12959","page","type-page","status-publish","hentry","tag-istituto"],"_links":{"self":[{"href":"https:\/\/itisfondi.edu.it\/web\/wp-json\/wp\/v2\/pages\/12959","targetHints":{"allow":["GET"]}}],"collection":[{"href":"https:\/\/itisfondi.edu.it\/web\/wp-json\/wp\/v2\/pages"}],"about":[{"href":"https:\/\/itisfondi.edu.it\/web\/wp-json\/wp\/v2\/types\/page"}],"author":[{"embeddable":true,"href":"https:\/\/itisfondi.edu.it\/web\/wp-json\/wp\/v2\/users\/1"}],"replies":[{"embeddable":true,"href":"https:\/\/itisfondi.edu.it\/web\/wp-json\/wp\/v2\/comments?post=12959"}],"version-history":[{"count":8,"href":"https:\/\/itisfondi.edu.it\/web\/wp-json\/wp\/v2\/pages\/12959\/revisions"}],"predecessor-version":[{"id":20682,"href":"https:\/\/itisfondi.edu.it\/web\/wp-json\/wp\/v2\/pages\/12959\/revisions\/20682"}],"wp:attachment":[{"href":"https:\/\/itisfondi.edu.it\/web\/wp-json\/wp\/v2\/media?parent=12959"}],"wp:term":[{"taxonomy":"post_tag","embeddable":true,"href":"https:\/\/itisfondi.edu.it\/web\/wp-json\/wp\/v2\/tags?post=12959"}],"curies":[{"name":"wp","href":"https:\/\/api.w.org\/{rel}","templated":true}]}}