{"id":15052,"date":"2020-01-17T13:59:04","date_gmt":"2020-01-17T12:59:04","guid":{"rendered":"https:\/\/itisfondi.edu.it\/web\/?page_id=15052"},"modified":"2024-07-15T18:07:36","modified_gmt":"2024-07-15T16:07:36","slug":"campionati-internazionali-di-giochi-matematici","status":"publish","type":"page","link":"https:\/\/itisfondi.edu.it\/web\/campionati-internazionali-di-giochi-matematici\/","title":{"rendered":"CAMPIONATI INTERNAZIONALI DI GIOCHI MATEMATICI"},"content":{"rendered":"<h2>CAMPIONATI INTERNAZIONALI DI GIOCHI MATEMATICI<\/h2>\n<h3>VENTISETTESIMA EDIZIONE ITALIANA<\/h3>\n<p>Logica, intuizione e fantasia sono i requisiti pi\u00f9 importanti richiesti per partecipare ai &#8220;Campionati Internazionali di Giochi matematici&#8221;, giunti alla trentaquattresima edizione nel mondo e per la ventisettesima volta organizzati in Italia dal Centro PRISTEM dell&#8217;Universit\u00e0 Bocconi.<\/p>\n<p>I &#8220;Campionati&#8221; si svolgono in due fasi successive: semifinali di zona e le finali nazionali. Le prime si svolgeranno il 14 marzo 2020 nelle sedi sotto indicate. I migliori classificati delle semifinali, nelle singole categorie, parteciperanno alla finale nazionale che si terr\u00e0 a Milano, presso l&#8217;Universit\u00e0 Bocconi, il 16 maggio 2020.<\/p>\n<p>Ai &#8220;Campionati&#8221; possono partecipare tutti &#8211; giovani e meno giovani &#8211; a partire dalla prima media e indipendentemente dal titolo di studio.<\/p>\n<p>I primi classificati di ogni categoria nella finale nazionale vinceranno viaggio e soggiorno a Losanna per partecipare alla finale internazionale che si terr\u00e0 il 28 e 29 agosto 2020 presso l&#8217;Ecole Polytechnique F\u00e8d\u00e8rale (EPFL).<\/p>\n<p>Per gli altri concorrenti saranno a disposizione numerosi premi.<br \/>\n<a href=\"https:\/\/itisfondi.edu.it\/web\/wp-content\/uploads\/2020\/01\/SEDE.png\"><img loading=\"lazy\" decoding=\"async\" src=\"https:\/\/itisfondi.edu.it\/web\/wp-content\/uploads\/2020\/01\/SEDE-1024x573.png\" alt=\"\" width=\"1024\" height=\"573\" \/><\/a><\/p>\n<p>&nbsp;<\/p>\n<p>&nbsp;<\/p>\n<p>&nbsp;<\/p>\n<p>&nbsp;<\/p>\n<p>&nbsp;<\/p>\n<p>&nbsp;<\/p>\n<p>&nbsp;<\/p>\n<p>&nbsp;<\/p>\n<p>&nbsp;<\/p>\n<p>&nbsp;<\/p>\n<p>&nbsp;<\/p>\n<p>&nbsp;<\/p>\n<p>&nbsp;<\/p>\n<p>&nbsp;<\/p>\n<p>&nbsp;<\/p>\n<p>&nbsp;<\/p>\n<p>&nbsp;<\/p>\n<p>&nbsp;<\/p>\n<p>&nbsp;<\/p>\n<p>Le iscrizioni si chiuderanno l&#8217;8 febbraio 2020.<\/p>\n<p>Per informazioni e iscrizioni:<a href=\"https:\/\/giochimatematici.unibocconi.it\"> https:\/\/giochimatematici.unibocconi.it<\/a><\/p>\n<p>Brochure :<a href=\"http:\/\/matematica.unibocconi.it\/giochi-matematici\/campionati-internazionali-di-giochi-matematici\">\u00a0<\/a><a href=\"https:\/\/giochimatematici.unibocconi.it\/images\/brochure_2019.pdf\">http:\/\/matematica.unibocconi.it\/giochi-matematici\/campionati-internazionali-di-giochi-matematici<\/a><\/p>\n<p>&nbsp;<\/p>\n<h4>Per informazioni:<\/h4>\n<h4>tel. 0258365618 &#8211; 0258365927 &#8211; 02 58362670<\/h4>\n<h4>fax 0258365617<\/h4>\n<h4>email:\u00a0<span id=\"cloake3b71e683e448b65d597b539464d49be\">pristem@unibocconi.it<\/span><\/h4>\n<p>&nbsp;<\/p>\n","protected":false},"excerpt":{"rendered":"<p>CAMPIONATI INTERNAZIONALI DI GIOCHI MATEMATICI VENTISETTESIMA EDIZIONE ITALIANA Logica, intuizione e fantasia sono i requisiti pi\u00f9 importanti richiesti per partecipare ai &#8220;Campionati Internazionali di Giochi matematici&#8221;, giunti alla trentaquattresima edizione nel mondo e per la ventisettesima [&hellip;]<\/p>\n","protected":false},"author":1,"featured_media":0,"parent":0,"menu_order":0,"comment_status":"closed","ping_status":"closed","template":"","meta":{"footnotes":""},"tags":[454],"class_list":["post-15052","page","type-page","status-publish","hentry","tag-istituto"],"_links":{"self":[{"href":"https:\/\/itisfondi.edu.it\/web\/wp-json\/wp\/v2\/pages\/15052","targetHints":{"allow":["GET"]}}],"collection":[{"href":"https:\/\/itisfondi.edu.it\/web\/wp-json\/wp\/v2\/pages"}],"about":[{"href":"https:\/\/itisfondi.edu.it\/web\/wp-json\/wp\/v2\/types\/page"}],"author":[{"embeddable":true,"href":"https:\/\/itisfondi.edu.it\/web\/wp-json\/wp\/v2\/users\/1"}],"replies":[{"embeddable":true,"href":"https:\/\/itisfondi.edu.it\/web\/wp-json\/wp\/v2\/comments?post=15052"}],"version-history":[{"count":17,"href":"https:\/\/itisfondi.edu.it\/web\/wp-json\/wp\/v2\/pages\/15052\/revisions"}],"predecessor-version":[{"id":20543,"href":"https:\/\/itisfondi.edu.it\/web\/wp-json\/wp\/v2\/pages\/15052\/revisions\/20543"}],"wp:attachment":[{"href":"https:\/\/itisfondi.edu.it\/web\/wp-json\/wp\/v2\/media?parent=15052"}],"wp:term":[{"taxonomy":"post_tag","embeddable":true,"href":"https:\/\/itisfondi.edu.it\/web\/wp-json\/wp\/v2\/tags?post=15052"}],"curies":[{"name":"wp","href":"https:\/\/api.w.org\/{rel}","templated":true}]}}