{"id":15253,"date":"2020-03-18T08:16:54","date_gmt":"2020-03-18T07:16:54","guid":{"rendered":"https:\/\/itisfondi.edu.it\/web\/?page_id=15253"},"modified":"2024-07-15T18:07:36","modified_gmt":"2024-07-15T16:07:36","slug":"informativa-famiglie-e-alunni","status":"publish","type":"page","link":"https:\/\/itisfondi.edu.it\/web\/informativa-famiglie-e-alunni\/","title":{"rendered":"INFORMATIVA FAMIGLIE E ALUNNI"},"content":{"rendered":"<p data-canvas-width=\"228.464\">INFORMATIVA FAMIGLIE E ALUNNI<\/p>\n<p data-canvas-width=\"219.40799999999996\">per finalit\u00e0 di didattica a distanza<\/p>\n<p data-canvas-width=\"281.00800000000003\">(DPCM 4 marzo 2020 art.1 comma 1 lett.g)<\/p>\n<div data-canvas-width=\"281.00800000000003\"><\/div>\n<div data-canvas-width=\"281.00800000000003\">\n<div data-canvas-width=\"695.8560000000003\">Come disposto dal Regolamento UE 679\/2016 (GDPR) artt. 13-14 e D. lgvo 196\/2003 come modificato dal D. lgvo 101\/2018, la presente informativa fornisce in formazioni sulla gestione dei dati personali, di cui tutti gli interessati sono tenuti a prendere visione.<\/div>\n<div data-canvas-width=\"695.8560000000003\"><\/div>\n<p>TITOLARE DEL TRATTAMENTO<\/p>\n<p data-canvas-width=\"695.8560000000003\">Titolare del trattamento \u00e8 l\u2019ITI \u201cA. Pacinotti\u201d di Fondi nel suo complesso, legalmente rappresentato dalla dirigente scolastica Gina Antonetti. I dati di contatto sono esplicitati in calce al presente documento.<\/p>\n<p data-canvas-width=\"331.4879999999999\">OGGETTO E FINALIT\u00c0 DEL TRATTAMENTO DEI DATI<\/p>\n<div data-canvas-width=\"695.9999999999997\">La finalit\u00e0 del trattamento dei dati personali degli alunni della scuola \u00e8 il processo di insegnamento-apprendimento nella modalit\u00e0 \u201cdidattica a distanza\u201d, che prevede attivit\u00e0 su piattaforme<\/div>\n<div data-canvas-width=\"48.608000000000004\">on line e possibilit\u00e0 di utilizzo di applicativi per la realizzazione di audio e videolezioni.<\/div>\n<p data-canvas-width=\"299.95199999999994\">BASE GIURIDICA DEL TRATTAMENTO DEI DATI<\/p>\n<div data-canvas-width=\"696.7839999999994\">La base giuridica \u00e8 data dal DPCM 4 marzo 2020 che prevede, tra le misure adottate per l\u2019emergenza epidemiologica COVID-19, la sospensione delle attivit\u00e0 didattiche in presenza e la necessit\u00e0 di garantire il diritto all\u2019istruzione e la continuit\u00e0 didattica mediante metodologie a distanza.<\/div>\n<div data-canvas-width=\"697.0560000000001\">Il titolare e i suoi incaricati potranno trattare i dati personali degli alunni strettamente necessari (nominativo, telefono, email ) ad effettuare la generazione di account per la gestione di eventuali<\/div>\n<div data-canvas-width=\"229.80799999999994\">piattaforme di didattica a distanza.<\/div>\n<div data-canvas-width=\"696.2239999999994\">Di norma \u00e8 richiesta l\u2019acquisizione scritta di consenso da parte di genitori\/tutori o dello studente se maggiorenne.<\/div>\n<div data-canvas-width=\"696.5760000000001\">Considerata la situazione di estrema urgenza e l\u2019impossibilit\u00e0 di seguire al momento le consuete procedure, il titolare del trattamento (dirigente scolastico) effettuer\u00e0 il trattamento dei dati per<\/div>\n<div data-canvas-width=\"594.0160000000001\">l\u2019esecuzione di un interesse pubblico (istruzione) e connesso all\u2019esercizio di pubblici poteri.<\/div>\n<p data-canvas-width=\"594.0160000000001\">MODALIT\u00c0 DI RACCOLTA E TRATTAMENTO DEI DATI<\/p>\n<div data-canvas-width=\"696.1120000000003\">I dati personali sono conferiti dall\u2019alunno o dai genitori\/tutori al momento dell\u2019iscrizione, o dalle scuole di provenienza. Il trattamento \u00e8 effettuato secondo principi di liceit\u00e0, correttezza, trasparenza e trattati compatibilmente con le finalit\u00e0 del trattamento. I dati raccolti sono \u201cminimizzati\u201d, cio\u00e8 limitati a quanto strettamente necessario rispetto alle finalit\u00e0 del trattamento; sono trattati mediante banche dati cartacee e informatiche, in locale e\/o in cloud. La raccolta di eventuali dati fotografici\/video\/audio \u00e8 effettuata con mezzi propri dal titolare o dagli incaricati autorizzati.<\/div>\n<div data-canvas-width=\"377.2799999999998\">\n<p data-canvas-width=\"196.928\">TIPOLOGIA DEI DATI TRATTATI<\/p>\n<div data-canvas-width=\"696.7040000000004\">I principali tipi di dati trattati nell\u2019attivit\u00e0 di didattica a distanza sono i seguenti: credenziali di accesso alla piattaforma di didattica a distanza, indirizzo ip o mail di collegamento, riprese fotografiche o filmiche dei partecipanti alle sessioni di didattica (videolezioni), domande e risposte a domande, commenti vocali, commenti in chat, eventuali valutazioni dei docenti.<\/div>\n<p data-canvas-width=\"696.8160000000003\">NATURA OBBLIGATORIA O FACOLTATIVA DEL CONFERIMENTO DEI DATI E CONSEGUENZE DEL MANCATO CONFERIMENTO DEI DATI<\/p>\n<div data-canvas-width=\"696.4639999999995\">Il conferimento dei dati da parte dell\u2019interessato riveste carattere di obbligatoriet\u00e0 per poter avere accesso alle modalit\u00e0 di didattica a distanza. Il mancato conferimento dei dati o consenso comporta l\u2019impossibilit\u00e0 di fruire dei suddetti servizi di didattica a distanza.<\/div>\n<p data-canvas-width=\"254.016\">AMBITO DI COMUNICAZIONE DEI DATI<\/p>\n<div data-canvas-width=\"696.7360000000004\">I dati raccolti sono trattati altres\u00ec dal personale scolastico, che agisce sulla base di specifiche istruzioni fornite in ordine a modalit\u00e0 e finalit\u00e0 del trattamento medesimo. In particolare, nella modalit\u00e0 didattica a distanza i dati personali (comprese riprese fotografiche o filmiche) dei partecipanti potranno essere portati a conoscenza di ciascuno degli altri partecipanti alla sessione formativa, ma la loro comunicazione\/diffusione, in osservanza delle norme, riguarda solo i dati consentiti e per le sole finalit\u00e0 istituzionali obbligatorie.<\/div>\n<div data-canvas-width=\"696.3200000000002\">La comunicazione riguarder\u00e0 le piattaforme utilizzate per la gestione della didattica a distanza (partner di formazione), mentre non \u00e8 prevista diffusione dei dati trattati per le finalit\u00e0 in oggetto.<\/div>\n<div data-canvas-width=\"696.3200000000002\"><\/div>\n<p data-canvas-width=\"243.42399999999992\">TEMPO DI CONSERVAZIONE DEI DATI<\/p>\n<div data-canvas-width=\"696.0800000000005\">I dati sono conservati per il periodo necessario alla gestione del percorso di studio dell\u2019alunno e per le finalit\u00e0 del trattamento; la durata \u00e8 determinata dalle norme specifiche o secondo criteri adeguati al trattamento di volta in volta effettuato.<\/div>\n<div data-canvas-width=\"696.0800000000005\"><\/div>\n<p data-canvas-width=\"174.64\">DIRITTI DELL\u2019INTERESSATO<\/p>\n<div data-canvas-width=\"696.3679999999999\">L\u2019interessato ha diritto, nel caso ritenga che il trattamento dei propri dati avvenga in violazione di quanto previsto dal GDPR, di proporre reclamo al Garante, come previsto dall\u2019art.77 del Regolamento stesso, o di adire le opportune sedi giudiziarie (art. 79 del regolamento).<\/div>\n<p data-canvas-width=\"490\">COMPORTAMENTI DA OSSERVARE IN VIDEOLEZIONE \u2013 DIDATTICA ON LINE<\/p>\n<div data-canvas-width=\"696.2559999999995\">Anche in modalit\u00e0 \u201cdidattica a distanza\u201d gli studenti devono rispettare le norme previste in tema di privacy e le norme di comportamento previste dal Regolamento di Istituto e dal Codice civile. Studenti e famiglie, pertanto, si impegnano a rispettare le seguenti regole di comportamento:<\/div>\n<div>-L\u2019utilizzo delle piattaforme ha scopo puramente didattico;<\/div>\n<div>-Nella didattica a distanza valgono le medesime norme di comportamento dell\u2019insegnamento in presenza (Regolamento di istituto- disciplina degli alunni);<\/div>\n<div>\n<div>-\u00c8 assolutamente vietata la diffusione di foto o registrazioni relative a persone presenti nelle videolezioni. Il docente pu\u00f2 registrare momenti della videolezione avendo l\u2019accortezza di non riprendere gli studenti. Non \u00e8 consentita la pubblicazione di materiale ricavato dalle videolezioni;<\/div>\n<div>-Non \u00e8 consentito a terzi l\u2019utilizzo della piattaforma di didattica a distanza;<\/div>\n<div>-Non \u00e8 consentita la diffusione di eventuali informazioni riservate di cui si venisse a conoscenza relativamente a persone che utilizzino il servizio;<\/div>\n<div>-\u00c8 consentito l\u2019utilizzo delle piattaforme attivate per la didattica a distanza solo ed esclusivamente per le attivit\u00e0 didattiche della scuola;<\/div>\n<div>-\u00c8 vietata ogni diffusione in rete di attivit\u00e0 realizzate dal docente, con il docente e i compagni;<\/div>\n<div>-\u00c8 vietato diffondere in rete registrazioni, fotografie o screenshot inerenti attivit\u00e0 di didattica a distanza.<\/div>\n<div><\/div>\n<div data-canvas-width=\"695.9839999999995\">Ai sensi dell\u2019art. 2048 del Codice civile, i genitori sono responsabili dei figli minori per qualsiasi fatto illecito di cui si rendano promotori.<\/div>\n<div data-canvas-width=\"696.4479999999995\">Si raccomanda, pertanto, in questo momento di emergenza, il massimo autocontrollo e la massima responsabilit\u00e0 nell\u2019uso degli strumenti informatici.<\/div>\n<p data-canvas-width=\"696.4479999999995\">\n<\/div>\n<\/div>\n<\/div>\n<div data-canvas-width=\"696.4479999999995\"><a href=\"https:\/\/itisfondi.edu.it\/web\/wp-content\/uploads\/2020\/03\/informativa-uso-di-immagini-voce-ecc-su-piattaforma-a-distanza.pdf\">Scarica Informativa<\/a><\/div>\n","protected":false},"excerpt":{"rendered":"<p>INFORMATIVA FAMIGLIE E ALUNNI per finalit\u00e0 di didattica a distanza (DPCM 4 marzo 2020 art.1 comma 1 lett.g) Come disposto dal Regolamento UE 679\/2016 (GDPR) artt. 13-14 e D. lgvo 196\/2003 come modificato dal D. lgvo [&hellip;]<\/p>\n","protected":false},"author":1,"featured_media":0,"parent":0,"menu_order":0,"comment_status":"closed","ping_status":"closed","template":"","meta":{"footnotes":""},"tags":[454],"class_list":["post-15253","page","type-page","status-publish","hentry","tag-istituto"],"_links":{"self":[{"href":"https:\/\/itisfondi.edu.it\/web\/wp-json\/wp\/v2\/pages\/15253","targetHints":{"allow":["GET"]}}],"collection":[{"href":"https:\/\/itisfondi.edu.it\/web\/wp-json\/wp\/v2\/pages"}],"about":[{"href":"https:\/\/itisfondi.edu.it\/web\/wp-json\/wp\/v2\/types\/page"}],"author":[{"embeddable":true,"href":"https:\/\/itisfondi.edu.it\/web\/wp-json\/wp\/v2\/users\/1"}],"replies":[{"embeddable":true,"href":"https:\/\/itisfondi.edu.it\/web\/wp-json\/wp\/v2\/comments?post=15253"}],"version-history":[{"count":8,"href":"https:\/\/itisfondi.edu.it\/web\/wp-json\/wp\/v2\/pages\/15253\/revisions"}],"predecessor-version":[{"id":20590,"href":"https:\/\/itisfondi.edu.it\/web\/wp-json\/wp\/v2\/pages\/15253\/revisions\/20590"}],"wp:attachment":[{"href":"https:\/\/itisfondi.edu.it\/web\/wp-json\/wp\/v2\/media?parent=15253"}],"wp:term":[{"taxonomy":"post_tag","embeddable":true,"href":"https:\/\/itisfondi.edu.it\/web\/wp-json\/wp\/v2\/tags?post=15253"}],"curies":[{"name":"wp","href":"https:\/\/api.w.org\/{rel}","templated":true}]}}